{"id":363,"date":"2017-12-04T21:38:51","date_gmt":"2017-12-04T20:38:51","guid":{"rendered":"http:\/\/www.snowsports3zinnen.com\/?page_id=363"},"modified":"2023-10-28T17:14:35","modified_gmt":"2023-10-28T15:14:35","slug":"kidsclub-scuola-sci-dobbiaco-snowsports-3-zinnen","status":"publish","type":"page","link":"https:\/\/www.snowsports3zinnen.com\/it\/kidsclub-scuola-sci-dobbiaco-snowsports-3-zinnen\/","title":{"rendered":"Kids"},"content":{"rendered":"[mk_page_section bg_image=&#8221;https:\/\/www.snowsports3zinnen.com\/wp-content\/uploads\/snowsports-3zinnen-skischule-toblach-skiarea-rienz.jpg&#8221; bg_position=&#8221;center center&#8221; bg_repeat=&#8221;no-repeat&#8221; bg_stretch=&#8221;true&#8221; adaptive_height=&#8221;true&#8221; min_height=&#8221;250&#8243; padding_top=&#8221;0&#8243; padding_bottom=&#8221;0&#8243; skip_arrow=&#8221;true&#8221; sidebar=&#8221;sidebar-1&#8243;][vc_column][\/vc_column][\/mk_page_section][vc_row fullwidth=&#8221;true&#8221;][vc_column][mk_padding_divider size=&#8221;70&#8243;][\/vc_column][\/vc_row][vc_row][vc_column][mk_fancy_title size=&#8221;40&#8243; force_font_size=&#8221;true&#8221; size_tablet=&#8221;36&#8243; size_phone=&#8221;28&#8243; margin_bottom=&#8221;40&#8243; font_family=&#8221;none&#8221; align=&#8221;center&#8221;]Giocare e divertirsi sciando![\/mk_fancy_title][\/vc_column][\/vc_row][vc_row][vc_column width=&#8221;1\/2&#8243;][mk_fancy_title tag_name=&#8221;h3&#8243; size=&#8221;35&#8243; force_font_size=&#8221;true&#8221; size_tablet=&#8221;30&#8243; size_phone=&#8221;24&#8243; margin_bottom=&#8221;0&#8243; font_family=&#8221;none&#8221;]Kids Snowpark[\/mk_fancy_title][vc_column_text css=&#8221;.vc_custom_1698505884565{margin-bottom: 0px !important;}&#8221;]Offriamo un baby-park per i bambini pi\u00f9 piccoli con un \u201etappettino magico\u201c dove imparare i primi rudimenti del nostro splendido sport. (Il baby-park \u00e8 accessibile solo con i maestri). La pista Rienza offre anche un percorso ad ostacoli per bambini[\/vc_column_text][mk_padding_divider size=&#8221;30&#8243;][\/vc_column][vc_column width=&#8221;1\/2&#8243;][mk_fancy_title tag_name=&#8221;h3&#8243; size=&#8221;35&#8243; force_font_size=&#8221;true&#8221; size_tablet=&#8221;30&#8243; size_phone=&#8221;24&#8243; margin_bottom=&#8221;0&#8243; font_family=&#8221;none&#8221;]Baby Sitting[\/mk_fancy_title][vc_column_text css=&#8221;.vc_custom_1698505948124{margin-bottom: 0px !important;}&#8221;]<strong>Volete del tempo libero per sciare? Attivit\u00e0 pomeridiane per bambini:<\/strong><br \/>\nI bambini che partecipano al corso collettivo del mattino dalle ore 10 alle ore 11.50 hanno la possibilit\u00e0 di iscriversi alle attivit\u00e0 pomeridiane con i nostri maestri. Il programma prevede il pranzo e attivit\u00e0 ricreative non necessariamente legate allo sci. Un\u2019opportunit\u00e0 per i piccoli di passare il pomeriggio in modo spensierato immersi in diverse attivit\u00e0 di gioco e di conoscere nuovi amici della loro stessa et\u00e0. (Il pranzo non \u00e9 incluso). A seconda del programma i bambini saranno ripresi dai loro genitori alle ore 15.30 nel luogo convenuto.[\/vc_column_text][mk_padding_divider size=&#8221;30&#8243; visibility=&#8221;visible-sm&#8221;][\/vc_column][\/vc_row][vc_row][vc_column][mk_padding_divider size=&#8221;30&#8243; visibility=&#8221;hidden-sm&#8221;][mk_image src=&#8221;https:\/\/www.snowsports3zinnen.com\/wp-content\/uploads\/brille-test.png&#8221; image_size=&#8221;medium&#8221; align=&#8221;center&#8221; margin_bottom=&#8221;30&#8243; visibility=&#8221;hidden-sm&#8221;][\/vc_column][\/vc_row][vc_row][vc_column width=&#8221;1\/2&#8243;][mk_custom_box el_class=&#8221;box&#8221; bg_color=&#8221;#e7540e&#8221; elevation_effect=&#8221;true&#8221;][mk_fancy_title tag_name=&#8221;h3&#8243; color=&#8221;#ffffff&#8221; size=&#8221;30&#8243; force_font_size=&#8221;true&#8221; size_tablet=&#8221;25&#8243; size_phone=&#8221;24&#8243; margin_bottom=&#8221;0&#8243; font_family=&#8221;none&#8221;]Sconto famiglia[\/mk_fancy_title][vc_column_text css=&#8221;.vc_custom_1512420094517{margin-bottom: 0px !important;}&#8221;]Famiglie: Con la partecipazione di 2 bambini ai corsi collettivi i genitori ricevono lo sconto del 20% sul loro corso[\/vc_column_text][\/mk_custom_box][mk_padding_divider size=&#8221;30&#8243; visibility=&#8221;visible-sm&#8221;][\/vc_column][vc_column width=&#8221;1\/2&#8243;][mk_fancy_title tag_name=&#8221;h3&#8243; size=&#8221;30&#8243; force_font_size=&#8221;true&#8221; size_tablet=&#8221;25&#8243; size_phone=&#8221;24&#8243; margin_bottom=&#8221;0&#8243; font_family=&#8221;none&#8221;]Kids Club (min. 3 bambini)[\/mk_fancy_title][vc_column_text css=&#8221;.vc_custom_1698506032737{margin-bottom: 0px !important;}&#8221;]<strong>2 ore: <\/strong>36,00 Euro<br \/>\n<strong>4 ore:<\/strong> 70,00 Euro<\/p>\n<p><strong>Pranzo:<\/strong> non incluso<strong><br \/>\nDurata: <\/strong>11:50-15:30<br \/>\n<strong>Et\u00e0:<\/strong> 3-10 anni[\/vc_column_text][\/vc_column][\/vc_row][vc_row][vc_column][mk_padding_divider size=&#8221;80&#8243;][mk_button dimension=&#8221;outline&#8221; corner_style=&#8221;rounded&#8221; size=&#8221;large&#8221; icon=&#8221;mk-icon-arrow-right&#8221; url=&#8221;\/it\/contatto&#8221; align=&#8221;center&#8221; margin_top=&#8221;30&#8243; margin_bottom=&#8221;30&#8243; outline_skin=&#8221;custom&#8221; outline_active_text_color=&#8221;#e7540e&#8221; outline_hover_bg_color=&#8221;#e7540e&#8221; outline_hover_color=&#8221;#ffffff&#8221;]Contattateci ![\/mk_button][\/vc_column][\/vc_row][vc_row][vc_column][mk_padding_divider size=&#8221;250&#8243; visibility=&#8221;hidden-sm&#8221;][\/vc_column][\/vc_row]\n","protected":false},"excerpt":{"rendered":"<p>[mk_page_section bg_image=&#8221;https:\/\/www.snowsports3zinnen.com\/wp-content\/uploads\/snowsports-3zinnen-skischule-toblach-skiarea-rienz.jpg&#8221; bg_position=&#8221;center center&#8221; bg_repeat=&#8221;no-repeat&#8221; bg_stretch=&#8221;true&#8221; adaptive_height=&#8221;true&#8221; min_height=&#8221;250&#8243; padding_top=&#8221;0&#8243; padding_bottom=&#8221;0&#8243; skip_arrow=&#8221;true&#8221; sidebar=&#8221;sidebar-1&#8243;][vc_column][\/vc_column][\/mk_page_section][vc_row fullwidth=&#8221;true&#8221;][vc_column][mk_padding_divider size=&#8221;70&#8243;][\/vc_column][\/vc_row][vc_row][vc_column][mk_fancy_title size=&#8221;40&#8243; force_font_size=&#8221;true&#8221; size_tablet=&#8221;36&#8243; size_phone=&#8221;28&#8243; margin_bottom=&#8221;40&#8243; font_family=&#8221;none&#8221; align=&#8221;center&#8221;]Giocare e divertirsi sciando![\/mk_fancy_title][\/vc_column][\/vc_row][vc_row][vc_column width=&#8221;1\/2&#8243;][mk_fancy_title tag_name=&#8221;h3&#8243; size=&#8221;35&#8243; force_font_size=&#8221;true&#8221; size_tablet=&#8221;30&#8243; size_phone=&#8221;24&#8243; margin_bottom=&#8221;0&#8243; font_family=&#8221;none&#8221;]Kids Snowpark[\/mk_fancy_title][vc_column_text css=&#8221;.vc_custom_1698505884565{margin-bottom: 0px !important;}&#8221;]Offriamo un baby-park per i bambini pi\u00f9 piccoli con un \u201etappettino magico\u201c dove imparare i primi rudimenti del nostro splendido [&hellip;]<\/p>\n","protected":false},"author":1,"featured_media":0,"parent":0,"menu_order":0,"comment_status":"closed","ping_status":"open","template":"","meta":[],"yoast_head":"<!-- This site is optimized with the Yoast SEO plugin v15.2.1 - https:\/\/yoast.com\/wordpress\/plugins\/seo\/ -->\n<title>Kids - Scuola Sci Dobbiaco Snowsports 3 Zinnen Kids Club<\/title>\n<meta name=\"description\" content=\"Giocare e divertirsi sciando! Offriamo un baby-park per i bambini pi\u00f9 piccoli con un \u201etappettino magico\u201c dove imparare i primi rudimenti del nostro splendido sport.\" \/>\n<meta name=\"robots\" content=\"index, follow, max-snippet:-1, max-image-preview:large, max-video-preview:-1\" \/>\n<link rel=\"canonical\" href=\"https:\/\/www.snowsports3zinnen.com\/it\/kidsclub-scuola-sci-dobbiaco-snowsports-3-zinnen\/\" \/>\n<meta property=\"og:locale\" content=\"it_IT\" \/>\n<meta property=\"og:type\" content=\"article\" \/>\n<meta property=\"og:title\" content=\"Kids - Scuola Sci Dobbiaco Snowsports 3 Zinnen Kids Club\" \/>\n<meta property=\"og:description\" content=\"Giocare e divertirsi sciando! Offriamo un baby-park per i bambini pi\u00f9 piccoli con un \u201etappettino magico\u201c dove imparare i primi rudimenti del nostro splendido sport.\" \/>\n<meta property=\"og:url\" content=\"https:\/\/www.snowsports3zinnen.com\/it\/kidsclub-scuola-sci-dobbiaco-snowsports-3-zinnen\/\" \/>\n<meta property=\"og:site_name\" content=\"Snowsports 3 Zinnen\" \/>\n<meta property=\"article:modified_time\" content=\"2023-10-28T15:14:35+00:00\" \/>\n<meta name=\"twitter:card\" content=\"summary_large_image\" \/>\n<meta name=\"twitter:label1\" content=\"Scritto da\">\n\t<meta name=\"twitter:data1\" content=\"fuchsdesign\">\n\t<meta name=\"twitter:label2\" content=\"Tempo di lettura stimato\">\n\t<meta name=\"twitter:data2\" content=\"2 minuti\">\n<script type=\"application\/ld+json\" class=\"yoast-schema-graph\">{\"@context\":\"https:\/\/schema.org\",\"@graph\":[{\"@type\":\"WebSite\",\"@id\":\"https:\/\/www.snowsports3zinnen.com\/#website\",\"url\":\"https:\/\/www.snowsports3zinnen.com\/\",\"name\":\"Snowsports 3 Zinnen\",\"description\":\"Scuola Sci Noleggio Sci Dobbiaco\",\"potentialAction\":[{\"@type\":\"SearchAction\",\"target\":\"https:\/\/www.snowsports3zinnen.com\/?s={search_term_string}\",\"query-input\":\"required name=search_term_string\"}],\"inLanguage\":\"it-IT\"},{\"@type\":\"WebPage\",\"@id\":\"https:\/\/www.snowsports3zinnen.com\/it\/kidsclub-scuola-sci-dobbiaco-snowsports-3-zinnen\/#webpage\",\"url\":\"https:\/\/www.snowsports3zinnen.com\/it\/kidsclub-scuola-sci-dobbiaco-snowsports-3-zinnen\/\",\"name\":\"Kids - Scuola Sci Dobbiaco Snowsports 3 Zinnen Kids Club\",\"isPartOf\":{\"@id\":\"https:\/\/www.snowsports3zinnen.com\/#website\"},\"datePublished\":\"2017-12-04T20:38:51+00:00\",\"dateModified\":\"2023-10-28T15:14:35+00:00\",\"description\":\"Giocare e divertirsi sciando! Offriamo un baby-park per i bambini pi\\u00f9 piccoli con un \\u201etappettino magico\\u201c dove imparare i primi rudimenti del nostro splendido sport.\",\"breadcrumb\":{\"@id\":\"https:\/\/www.snowsports3zinnen.com\/it\/kidsclub-scuola-sci-dobbiaco-snowsports-3-zinnen\/#breadcrumb\"},\"inLanguage\":\"it-IT\",\"potentialAction\":[{\"@type\":\"ReadAction\",\"target\":[\"https:\/\/www.snowsports3zinnen.com\/it\/kidsclub-scuola-sci-dobbiaco-snowsports-3-zinnen\/\"]}]},{\"@type\":\"BreadcrumbList\",\"@id\":\"https:\/\/www.snowsports3zinnen.com\/it\/kidsclub-scuola-sci-dobbiaco-snowsports-3-zinnen\/#breadcrumb\",\"itemListElement\":[{\"@type\":\"ListItem\",\"position\":1,\"item\":{\"@type\":\"WebPage\",\"@id\":\"https:\/\/www.snowsports3zinnen.com\/it\/\",\"url\":\"https:\/\/www.snowsports3zinnen.com\/it\/\",\"name\":\"Startseite\"}},{\"@type\":\"ListItem\",\"position\":2,\"item\":{\"@type\":\"WebPage\",\"@id\":\"https:\/\/www.snowsports3zinnen.com\/it\/kidsclub-scuola-sci-dobbiaco-snowsports-3-zinnen\/\",\"url\":\"https:\/\/www.snowsports3zinnen.com\/it\/kidsclub-scuola-sci-dobbiaco-snowsports-3-zinnen\/\",\"name\":\"Kids\"}}]}]}<\/script>\n<!-- \/ Yoast SEO plugin. -->","_links":{"self":[{"href":"https:\/\/www.snowsports3zinnen.com\/it\/wp-json\/wp\/v2\/pages\/363\/"}],"collection":[{"href":"https:\/\/www.snowsports3zinnen.com\/it\/wp-json\/wp\/v2\/pages\/"}],"about":[{"href":"https:\/\/www.snowsports3zinnen.com\/it\/wp-json\/wp\/v2\/types\/page\/"}],"author":[{"embeddable":true,"href":"https:\/\/www.snowsports3zinnen.com\/it\/wp-json\/wp\/v2\/users\/1\/"}],"replies":[{"embeddable":true,"href":"https:\/\/www.snowsports3zinnen.com\/it\/wp-json\/wp\/v2\/comments\/?post=363"}],"version-history":[{"count":5,"href":"https:\/\/www.snowsports3zinnen.com\/it\/wp-json\/wp\/v2\/pages\/363\/revisions\/"}],"predecessor-version":[{"id":1046,"href":"https:\/\/www.snowsports3zinnen.com\/it\/wp-json\/wp\/v2\/pages\/363\/revisions\/1046\/"}],"wp:attachment":[{"href":"https:\/\/www.snowsports3zinnen.com\/it\/wp-json\/wp\/v2\/media\/?parent=363"}],"curies":[{"name":"wp","href":"https:\/\/api.w.org\/{rel}","templated":true}]}}