{"id":369,"date":"2017-12-04T21:49:27","date_gmt":"2017-12-04T20:49:27","guid":{"rendered":"http:\/\/www.snowsports3zinnen.com\/?page_id=369"},"modified":"2025-08-20T16:44:02","modified_gmt":"2025-08-20T14:44:02","slug":"lezioni-corsi-sci-snowsports-3-zinnen-scuola-sci-dobbiaco","status":"publish","type":"page","link":"https:\/\/www.snowsports3zinnen.com\/it\/lezioni-corsi-sci-snowsports-3-zinnen-scuola-sci-dobbiaco\/","title":{"rendered":"Lezioni"},"content":{"rendered":"[mk_page_section bg_image=&#8221;https:\/\/www.snowsports3zinnen.com\/wp-content\/uploads\/snowsports3-zinnen-skischule-toblach-scuola-sci-dobbiaco-lezioni.jpg&#8221; bg_position=&#8221;center center&#8221; bg_repeat=&#8221;no-repeat&#8221; bg_stretch=&#8221;true&#8221; adaptive_height=&#8221;true&#8221; min_height=&#8221;250&#8243; padding_top=&#8221;0&#8243; padding_bottom=&#8221;0&#8243; skip_arrow=&#8221;true&#8221; sidebar=&#8221;sidebar-1&#8243;][vc_column][\/vc_column][\/mk_page_section][vc_row fullwidth=&#8221;true&#8221;][vc_column][mk_padding_divider size=&#8221;70&#8243;][\/vc_column][\/vc_row][vc_row][vc_column][mk_fancy_title size=&#8221;40&#8243; force_font_size=&#8221;true&#8221; size_tablet=&#8221;36&#8243; size_phone=&#8221;28&#8243; margin_bottom=&#8221;0&#8243; font_family=&#8221;none&#8221; align=&#8221;center&#8221;]Prezzi 2025\/2026[\/mk_fancy_title][mk_fancy_title tag_name=&#8221;h3&#8243; size=&#8221;30&#8243; force_font_size=&#8221;true&#8221; size_tablet=&#8221;30&#8243; size_phone=&#8221;25&#8243; margin_bottom=&#8221;40&#8243; font_family=&#8221;none&#8221; align=&#8221;center&#8221;]\n<div class=\"wpb_row vc_row vc_row-fluid jupiter-donut- mk-fullwidth-false attched-false js-master-row mk-grid mk-in-viewport\" data-mk-stretch-content=\"true\">\n<div class=\"vc_col-sm-12 wpb_column column_container jupiter-donut- _ jupiter-donut-height-full\">\n<p>Scuola per sci alpino, sci di fondo e snowboard<\/p>\n<\/div>\n<\/div>\n[\/mk_fancy_title][\/vc_column][\/vc_row][vc_row][vc_column][mk_fancy_title tag_name=&#8221;h3&#8243; size=&#8221;35&#8243; force_font_size=&#8221;true&#8221; size_tablet=&#8221;30&#8243; size_phone=&#8221;24&#8243; margin_bottom=&#8221;0&#8243; font_family=&#8221;none&#8221; align=&#8221;center&#8221;]Lezioni private[\/mk_fancy_title][vc_column_text align=&#8221;center&#8221; css=&#8221;.vc_custom_1755691467792{margin-bottom: 0px !important;}&#8221;]<strong>Le ore private sono un\u2019ottima scelta per chi desidera avere un maestro che personalizzi la lezione secondo le proprie esigenze. <\/strong>La Scuola Sci Snowsports 3Zinnen offre lezioni private a persone di ogni et\u00e0 e livello, dal principiante all\u2019avanzato. <strong>Proponiamo lezioni anche per chi ha disabilit\u00e0 motorie o sensoriali.<\/strong><\/p>\n<p>Sar\u00e0 premura dei nostri istruttori specializzati spiegare le basi, aiutarvi a migliorare la tecnica, correggere gli errori e, soprattutto, farvi divertire. Gli insegnamenti saranno efficaci e mirati ad ottenere i risultati prefissati.[\/vc_column_text][vc_table vc_table_theme=&#8221;classic&#8221; allow_html=&#8221;1&#8243; el_class=&#8221;tabelle&#8221;][bg#006fb7;c#ffffff;align-center]Periodo,[bg#006fb7;c#ffffff;align-center]20.12.25%20-%2011.01.26%20%3C%2Fbr%3E%2002.02.26%20-%2008.03.26,[bg#006fb7;c#ffffff;align-center]30.11.25%20-%2019.12.25%3C%2Fbr%3E12.01.26%20-%2001.02.26%3C%2Fbr%3E09.03.26%20-%2021.04.26|[align-center]1%20persona,[align-center]57%2C00,[align-center]53%2C00|[align-center]2%20persone,[align-center]%2B12%2C00,[align-center]%2B12%2C00|[align-center]3%20persone,[align-center]%2B12%2C00,[align-center]%2B12%2C00|[align-center]11.00%20-%2012.00%20%2F%2012.00-13.00,[align-center]70%2C00,[align-center]53%2C00|[align-center]15.00%20-%2016.30,[align-center]79%2C00,[align-center]75%2C00[\/vc_table][mk_padding_divider size=&#8221;30&#8243;][\/vc_column][\/vc_row][vc_row][vc_column][mk_fancy_title tag_name=&#8221;h3&#8243; size=&#8221;35&#8243; force_font_size=&#8221;true&#8221; size_tablet=&#8221;30&#8243; size_phone=&#8221;24&#8243; margin_top=&#8221;20&#8243; margin_bottom=&#8221;0&#8243; font_family=&#8221;none&#8221; align=&#8221;center&#8221;]Corsi collettivi[\/mk_fancy_title][vc_column_text align=&#8221;center&#8221; css=&#8221;.vc_custom_1755691177735{margin-bottom: 0px !important;}&#8221;]<strong>I corsi di gruppo sono un ottimo modo per premettere a bambini, ragazzi ed adulti di apprendere a sciare (o sci di fondo o snowboard) e socializzare allo stesso tempo.<\/strong> Abbiamo un numero ristretto di partecipanti per maestro, per permettere all\u2019insegnante di focalizzarsi sulle capacit\u00e0 di ogni individuo e di seguirlo nel migliore dei modi. I gruppi sono divisi per et\u00e0 e livello per garantire la miglior omogeneit\u00e0.<\/p>\n<p><strong>Durata: 2 persone &#8211; 50 min, 3-5 persone &#8211; 90 min, da 6 persone &#8211; 2,5 ore (10:00-12:30)<\/strong>[\/vc_column_text][vc_table vc_table_theme=&#8221;classic&#8221; allow_html=&#8221;1&#8243; el_class=&#8221;tabelle&#8221;][bg#006fb7;c#ffffff;align-center]Periodo,[bg#006fb7;c#ffffff;align-center]20.12.25%20-%2011.01.26%20%3C%2Fbr%3E%2002.02.26%20-%2008.03.26,[bg#006fb7;c#ffffff;align-center]30.11.25%20-%2019.12.25%3C%2Fbr%3E12.01.26%20-%2001.02.26%3C%2Fbr%3E09.03.26%20-%2021.04.26|[align-center]3%20giorni,[align-center]156%2C00,[align-center]149%2C00|[align-center]5%20giorni,[align-center]211%2C00,[align-center]194%2C00[\/vc_table][\/vc_column][\/vc_row][vc_row][vc_column width=&#8221;1\/4&#8243;][mk_image src=&#8221;https:\/\/www.snowsports3zinnen.com\/wp-content\/uploads\/gruppenkurse-neu-it.png&#8221; image_size=&#8221;full&#8221;][vc_column_text css=&#8221;.vc_custom_1755691092171{margin-bottom: 0px !important;}&#8221;]<strong>min. 6 persone!<\/strong>[\/vc_column_text][mk_padding_divider size=&#8221;30&#8243;][\/vc_column][vc_column width=&#8221;3\/4&#8243;][vc_column_text css=&#8221;.vc_custom_1755701040053{margin-bottom: 0px !important;}&#8221;]\n<ul>\n<li>Le lezioni si terranno dalle 10.00 alle 12.30.<\/li>\n<li>Sono richiesti minimo tre giorni consecutivi per partecipare.<\/li>\n<li>La selezione per formare i gruppi in base al livello di sci (i bambini principianti sono esenti) viene svolta ad inizio lezione.<\/li>\n<li>Il punto di ritrovo \u00e8 sul piazzale di fronte al nostro ufficio.<\/li>\n<li>Nel periodo natalizio (dal 22.12.2025 &#8211; 06.01.2026) i corsi di sci si terranno tutti i giorni compresi sabati e domeniche.<\/li>\n<li>Durata del corso: 2 persone \u2013 50 min, 3-5 persone \u2013 90 min, da 6 persone \u2013 2,5 ore (10:00-12:30)<\/li>\n<li>Et\u00e1 minima 3 anni.<\/li>\n<li>i corsi avranno inizio solo se si avr\u00e0 un minimo di 2 iscritti<\/li>\n<\/ul>\n[\/vc_column_text][\/vc_column][\/vc_row][vc_row][vc_column][mk_padding_divider size=&#8221;50&#8243;][\/vc_column][\/vc_row][vc_row][vc_column width=&#8221;1\/2&#8243;][mk_image src=&#8221;https:\/\/www.snowsports3zinnen.com\/wp-content\/uploads\/snowsports-prevendita.jpg&#8221; image_size=&#8221;full&#8221;][mk_padding_divider size=&#8221;30&#8243;][\/vc_column][vc_column width=&#8221;1\/2&#8243;][vc_column_text css=&#8221;.vc_custom_1755694552669{margin-bottom: 0px !important;}&#8221;]<strong>Prenota il tuo corso collettivo e risparmia il 15%<\/strong><\/p>\n<p><strong>01\/08\/25 \u2013 15\/11\/25<\/strong><br \/>\nCodice: SNOWSPORT25PROMO<\/p>\n<p><strong>01\/01\/26-31\/01\/26<\/strong><br \/>\nCodice: SNOWSPORT26PROMO[\/vc_column_text][\/vc_column][\/vc_row][vc_row][vc_column][mk_padding_divider size=&#8221;30&#8243;][mk_button dimension=&#8221;flat&#8221; corner_style=&#8221;rounded&#8221; size=&#8221;large&#8221; icon=&#8221;mk-icon-arrow-right&#8221; url=&#8221;https:\/\/snowsports3zinnen.beebeeboard.com\/scuolesci_ecommerce#\/?lang=it-IT&#8221; target=&#8221;_blank&#8221; align=&#8221;center&#8221; margin_top=&#8221;30&#8243; margin_bottom=&#8221;30&#8243; margin_right=&#8221;0&#8243; btn_hover_bg=&#8221;#1e73be&#8221;]Prenota una lezione[\/mk_button][mk_image src=&#8221;https:\/\/www.snowsports3zinnen.com\/wp-content\/uploads\/brille-test.png&#8221; image_size=&#8221;medium&#8221; align=&#8221;center&#8221; margin_bottom=&#8221;15&#8243; visibility=&#8221;hidden-sm&#8221;][\/vc_column][\/vc_row][vc_row][vc_column][mk_fancy_title tag_name=&#8221;h3&#8243; size=&#8221;35&#8243; force_font_size=&#8221;true&#8221; size_tablet=&#8221;30&#8243; size_phone=&#8221;24&#8243; margin_top=&#8221;20&#8243; margin_bottom=&#8221;0&#8243; font_family=&#8221;none&#8221; align=&#8221;center&#8221;]Freeride (fuoripista)per principianti e appassionati[\/mk_fancy_title][vc_table vc_table_theme=&#8221;classic&#8221; allow_html=&#8221;1&#8243; el_class=&#8221;tabelle&#8221;][bg#006fb7;c#ffffff;align-center]Periodo,[bg#006fb7;c#ffffff;align-center]20.12.25%20-%2011.01.26%20%3C%2Fbr%3E%2002.02.26%20-%2008.03.26,[bg#006fb7;c#ffffff;align-center]30.11.25%20-%2019.12.25%3C%2Fbr%3E12.01.26%20-%2001.02.26%3C%2Fbr%3E09.03.26%20-%2021.04.26|[align-center]2%20persone,[align-center]147%2C00%20%2F%201%20giorno,[align-center]137%2C00%20%2F%201%20giorno|[align-center]2%20persone,[align-center]273%2C00%20%2F%202%20giorni,[align-center]252%2C00%20%2F%202%20giorni|[align-center]3%20persone,[align-center]126%2C00%20%2F%201%20giorno,[align-center]111%2C00%20%2F%201%20giorno|[align-center]3%20persone,[align-center]210%2C00%20%2F%202%20giorni,[align-center]195%2C00%20%2F%202%20giorni|[align-center]4%20persone,[align-center]100%2C00%20%2F%201%20giorno,[align-center]95%2C00%20%2F%201%20giorno|[align-center]4%20persone,[align-center]189%2C00%20%2F%202%20giorni,[align-center]174%2C00%20%2F%202%20giorni[\/vc_table][mk_padding_divider size=&#8221;30&#8243;][\/vc_column][\/vc_row][vc_row][vc_column width=&#8221;1\/3&#8243;][mk_custom_box el_class=&#8221;box&#8221; bg_color=&#8221;#e7540e&#8221; elevation_effect=&#8221;true&#8221;][mk_fancy_title tag_name=&#8221;h3&#8243; color=&#8221;#ffffff&#8221; size=&#8221;30&#8243; force_font_size=&#8221;true&#8221; size_tablet=&#8221;25&#8243; size_phone=&#8221;24&#8243; margin_bottom=&#8221;0&#8243; font_family=&#8221;none&#8221;]Sconto famiglia[\/mk_fancy_title][vc_column_text css=&#8221;.vc_custom_1512420094517{margin-bottom: 0px !important;}&#8221;]Famiglie: Con la partecipazione di 2 bambini ai corsi collettivi i genitori ricevono lo sconto del 20% sul loro corso[\/vc_column_text][\/mk_custom_box][mk_padding_divider size=&#8221;30&#8243; visibility=&#8221;visible-sm&#8221;][\/vc_column][vc_column width=&#8221;1\/3&#8243;][mk_fancy_title tag_name=&#8221;h3&#8243; size=&#8221;30&#8243; force_font_size=&#8221;true&#8221; size_tablet=&#8221;25&#8243; size_phone=&#8221;24&#8243; margin_bottom=&#8221;0&#8243; font_family=&#8221;none&#8221;]Kids Club[\/mk_fancy_title][vc_column_text css=&#8221;.vc_custom_1755691384600{margin-bottom: 0px !important;}&#8221;]<strong>Dopo il corso collettivo<\/strong><\/p>\n<p><strong>Prezzo: <\/strong>70\u20ac<br \/>\n<strong>Pranzo: <\/strong>non incluso<br \/>\n<strong>Durata:<\/strong> 12:00-15:30<br \/>\n<strong>Et\u00e0:<\/strong> 3-10 anni<\/p>\n<p><a href=\"https:\/\/www.snowsports3zinnen.com\/it\/kids\/\">scopri &#8230;<\/a>[\/vc_column_text][mk_padding_divider size=&#8221;30&#8243; visibility=&#8221;visible-sm&#8221;][\/vc_column][vc_column width=&#8221;1\/3&#8243;][mk_fancy_title tag_name=&#8221;h3&#8243; color=&#8221;#e7540d&#8221; size=&#8221;35&#8243; force_font_size=&#8221;true&#8221; size_tablet=&#8221;30&#8243; size_phone=&#8221;28&#8243; margin_bottom=&#8221;0&#8243; font_family=&#8221;none&#8221;]Conferma prenotazione[\/mk_fancy_title][vc_column_text css=&#8221;.vc_custom_1732039680067{margin-bottom: 0px !important;}&#8221;]Per confermare la prenotazione \u00e8 richiesto il pagamento del totale preventivato.<br \/>\n<strong>IBAN: IT02 T060 4558 7900 0000 0070 700<\/strong>[\/vc_column_text][\/vc_column][\/vc_row][vc_row][vc_column][mk_button dimension=&#8221;flat&#8221; corner_style=&#8221;rounded&#8221; size=&#8221;large&#8221; icon=&#8221;mk-icon-arrow-right&#8221; url=&#8221;https:\/\/snowsports3zinnen.beebeeboard.com\/scuolesci_ecommerce#\/?lang=it-IT&#8221; target=&#8221;_blank&#8221; align=&#8221;center&#8221; margin_top=&#8221;30&#8243; margin_bottom=&#8221;30&#8243; margin_right=&#8221;0&#8243; btn_hover_bg=&#8221;#1e73be&#8221;]Prenota una lezione[\/mk_button][mk_padding_divider size=&#8221;80&#8243;][\/vc_column][\/vc_row][vc_row][vc_column width=&#8221;1\/2&#8243;][vc_column_text css=&#8221;.vc_custom_1755691351474{margin-bottom: 0px !important;}&#8221;]<strong>Condizioni di vendita<\/strong><\/p>\n<p>Si richiede alla gentile clientela di saldare le lezioni in anticipo per ottenere la ricevuta necessaria da mostrare al maestro. Con il pagamento, il soggetto dichiara di conoscere le condizioni di vendita, di averle lette e di averle esplicitamente accettate.<br \/>\n<em>Tali condizioni sono le seguenti:<\/em><\/p>\n<ul>\n<li>Un\u2019ora di lezione privata ha una durata di 55 minuti<\/li>\n<li>Attrezzatura e skipass non sono compresi<\/li>\n<li>Tutte le lezioni (sia private che collettive) si svolgono indipendentemente dalle condizioni metereologiche. In caso di chiusura degli impianti, le lezioni non effettuate verranno recuperate (non rimborsate)<\/li>\n<li>Durata dei corsi collettivi: 2 persone \u2013 50 min, 3-5 persone \u2013 90 min, da 6 persone \u2013 2,5 ore<\/li>\n<\/ul>\n[\/vc_column_text][mk_padding_divider size=&#8221;30&#8243; visibility=&#8221;visible-sm&#8221;][\/vc_column][vc_column width=&#8221;1\/2&#8243;][vc_column_text css=&#8221;.vc_custom_1700834640499{margin-bottom: 0px !important;}&#8221;]<strong>Disdette e rimborsi<\/strong><\/p>\n<ul>\n<li>Le lezioni possono essere disdette con un preavviso di 48 ore<\/li>\n<li>In caso di malattia, verranno disdette o rimborsate solo previo certificato medico<\/li>\n<li>Tutti i rimborsi verranno liquidati tramite bonifico bancario<\/li>\n<\/ul>\n[\/vc_column_text][\/vc_column][\/vc_row][vc_row][vc_column][mk_padding_divider size=&#8221;250&#8243; visibility=&#8221;hidden-sm&#8221;][\/vc_column][\/vc_row]\n","protected":false},"excerpt":{"rendered":"<p>[mk_page_section bg_image=&#8221;https:\/\/www.snowsports3zinnen.com\/wp-content\/uploads\/snowsports3-zinnen-skischule-toblach-scuola-sci-dobbiaco-lezioni.jpg&#8221; bg_position=&#8221;center center&#8221; bg_repeat=&#8221;no-repeat&#8221; bg_stretch=&#8221;true&#8221; adaptive_height=&#8221;true&#8221; min_height=&#8221;250&#8243; padding_top=&#8221;0&#8243; padding_bottom=&#8221;0&#8243; skip_arrow=&#8221;true&#8221; sidebar=&#8221;sidebar-1&#8243;][vc_column][\/vc_column][\/mk_page_section][vc_row fullwidth=&#8221;true&#8221;][vc_column][mk_padding_divider size=&#8221;70&#8243;][\/vc_column][\/vc_row][vc_row][vc_column][mk_fancy_title size=&#8221;40&#8243; force_font_size=&#8221;true&#8221; size_tablet=&#8221;36&#8243; size_phone=&#8221;28&#8243; margin_bottom=&#8221;0&#8243; font_family=&#8221;none&#8221; align=&#8221;center&#8221;]Prezzi 2025\/2026[\/mk_fancy_title][mk_fancy_title tag_name=&#8221;h3&#8243; size=&#8221;30&#8243; force_font_size=&#8221;true&#8221; size_tablet=&#8221;30&#8243; size_phone=&#8221;25&#8243; margin_bottom=&#8221;40&#8243; font_family=&#8221;none&#8221; align=&#8221;center&#8221;] Scuola per sci alpino, sci di fondo e snowboard [\/mk_fancy_title][\/vc_column][\/vc_row][vc_row][vc_column][mk_fancy_title tag_name=&#8221;h3&#8243; size=&#8221;35&#8243; force_font_size=&#8221;true&#8221; size_tablet=&#8221;30&#8243; size_phone=&#8221;24&#8243; margin_bottom=&#8221;0&#8243; font_family=&#8221;none&#8221; align=&#8221;center&#8221;]Lezioni private[\/mk_fancy_title][vc_column_text align=&#8221;center&#8221; css=&#8221;.vc_custom_1755691467792{margin-bottom: 0px !important;}&#8221;]Le ore private [&hellip;]<\/p>\n","protected":false},"author":1,"featured_media":0,"parent":0,"menu_order":0,"comment_status":"closed","ping_status":"open","template":"","meta":[],"yoast_head":"<!-- This site is optimized with the Yoast SEO plugin v15.2.1 - https:\/\/yoast.com\/wordpress\/plugins\/seo\/ -->\n<title>Lezioni e corsi da sci - Scuola Sci Snowsports 3 Zinnen Dobbiaco<\/title>\n<meta name=\"description\" content=\"Offriamo lezioni da sci privati e corsi collettivi. Inoltre offriamo un shuttle bus che vi porta all&#039;area sci e un kids club. Scoprite i nostri servizi e offerte.\" \/>\n<meta name=\"robots\" content=\"index, follow, max-snippet:-1, max-image-preview:large, max-video-preview:-1\" \/>\n<link rel=\"canonical\" href=\"https:\/\/www.snowsports3zinnen.com\/it\/lezioni-corsi-sci-snowsports-3-zinnen-scuola-sci-dobbiaco\/\" \/>\n<meta property=\"og:locale\" content=\"it_IT\" \/>\n<meta property=\"og:type\" content=\"article\" \/>\n<meta property=\"og:title\" content=\"Lezioni e corsi da sci - Scuola Sci Snowsports 3 Zinnen Dobbiaco\" \/>\n<meta property=\"og:description\" content=\"Offriamo lezioni da sci privati e corsi collettivi. Inoltre offriamo un shuttle bus che vi porta all&#039;area sci e un kids club. Scoprite i nostri servizi e offerte.\" \/>\n<meta property=\"og:url\" content=\"https:\/\/www.snowsports3zinnen.com\/it\/lezioni-corsi-sci-snowsports-3-zinnen-scuola-sci-dobbiaco\/\" \/>\n<meta property=\"og:site_name\" content=\"Snowsports 3 Zinnen\" \/>\n<meta property=\"article:modified_time\" content=\"2025-08-20T14:44:02+00:00\" \/>\n<meta name=\"twitter:card\" content=\"summary_large_image\" \/>\n<meta name=\"twitter:label1\" content=\"Scritto da\">\n\t<meta name=\"twitter:data1\" content=\"fuchsdesign\">\n\t<meta name=\"twitter:label2\" content=\"Tempo di lettura stimato\">\n\t<meta name=\"twitter:data2\" content=\"6 minuti\">\n<script type=\"application\/ld+json\" class=\"yoast-schema-graph\">{\"@context\":\"https:\/\/schema.org\",\"@graph\":[{\"@type\":\"WebSite\",\"@id\":\"https:\/\/www.snowsports3zinnen.com\/#website\",\"url\":\"https:\/\/www.snowsports3zinnen.com\/\",\"name\":\"Snowsports 3 Zinnen\",\"description\":\"Scuola Sci Noleggio Sci Dobbiaco\",\"potentialAction\":[{\"@type\":\"SearchAction\",\"target\":\"https:\/\/www.snowsports3zinnen.com\/?s={search_term_string}\",\"query-input\":\"required name=search_term_string\"}],\"inLanguage\":\"it-IT\"},{\"@type\":\"WebPage\",\"@id\":\"https:\/\/www.snowsports3zinnen.com\/it\/lezioni-corsi-sci-snowsports-3-zinnen-scuola-sci-dobbiaco\/#webpage\",\"url\":\"https:\/\/www.snowsports3zinnen.com\/it\/lezioni-corsi-sci-snowsports-3-zinnen-scuola-sci-dobbiaco\/\",\"name\":\"Lezioni e corsi da sci - Scuola Sci Snowsports 3 Zinnen Dobbiaco\",\"isPartOf\":{\"@id\":\"https:\/\/www.snowsports3zinnen.com\/#website\"},\"datePublished\":\"2017-12-04T20:49:27+00:00\",\"dateModified\":\"2025-08-20T14:44:02+00:00\",\"description\":\"Offriamo lezioni da sci privati e corsi collettivi. Inoltre offriamo un shuttle bus che vi porta all'area sci e un kids club. Scoprite i nostri servizi e offerte.\",\"breadcrumb\":{\"@id\":\"https:\/\/www.snowsports3zinnen.com\/it\/lezioni-corsi-sci-snowsports-3-zinnen-scuola-sci-dobbiaco\/#breadcrumb\"},\"inLanguage\":\"it-IT\",\"potentialAction\":[{\"@type\":\"ReadAction\",\"target\":[\"https:\/\/www.snowsports3zinnen.com\/it\/lezioni-corsi-sci-snowsports-3-zinnen-scuola-sci-dobbiaco\/\"]}]},{\"@type\":\"BreadcrumbList\",\"@id\":\"https:\/\/www.snowsports3zinnen.com\/it\/lezioni-corsi-sci-snowsports-3-zinnen-scuola-sci-dobbiaco\/#breadcrumb\",\"itemListElement\":[{\"@type\":\"ListItem\",\"position\":1,\"item\":{\"@type\":\"WebPage\",\"@id\":\"https:\/\/www.snowsports3zinnen.com\/it\/\",\"url\":\"https:\/\/www.snowsports3zinnen.com\/it\/\",\"name\":\"Startseite\"}},{\"@type\":\"ListItem\",\"position\":2,\"item\":{\"@type\":\"WebPage\",\"@id\":\"https:\/\/www.snowsports3zinnen.com\/it\/lezioni-corsi-sci-snowsports-3-zinnen-scuola-sci-dobbiaco\/\",\"url\":\"https:\/\/www.snowsports3zinnen.com\/it\/lezioni-corsi-sci-snowsports-3-zinnen-scuola-sci-dobbiaco\/\",\"name\":\"Lezioni\"}}]}]}<\/script>\n<!-- \/ Yoast SEO plugin. -->","_links":{"self":[{"href":"https:\/\/www.snowsports3zinnen.com\/it\/wp-json\/wp\/v2\/pages\/369\/"}],"collection":[{"href":"https:\/\/www.snowsports3zinnen.com\/it\/wp-json\/wp\/v2\/pages\/"}],"about":[{"href":"https:\/\/www.snowsports3zinnen.com\/it\/wp-json\/wp\/v2\/types\/page\/"}],"author":[{"embeddable":true,"href":"https:\/\/www.snowsports3zinnen.com\/it\/wp-json\/wp\/v2\/users\/1\/"}],"replies":[{"embeddable":true,"href":"https:\/\/www.snowsports3zinnen.com\/it\/wp-json\/wp\/v2\/comments\/?post=369"}],"version-history":[{"count":35,"href":"https:\/\/www.snowsports3zinnen.com\/it\/wp-json\/wp\/v2\/pages\/369\/revisions\/"}],"predecessor-version":[{"id":1213,"href":"https:\/\/www.snowsports3zinnen.com\/it\/wp-json\/wp\/v2\/pages\/369\/revisions\/1213\/"}],"wp:attachment":[{"href":"https:\/\/www.snowsports3zinnen.com\/it\/wp-json\/wp\/v2\/media\/?parent=369"}],"curies":[{"name":"wp","href":"https:\/\/api.w.org\/{rel}","templated":true}]}}