{"id":407,"date":"2017-12-05T09:55:45","date_gmt":"2017-12-05T08:55:45","guid":{"rendered":"http:\/\/www.snowsports3zinnen.com\/?page_id=407"},"modified":"2025-11-13T16:50:14","modified_gmt":"2025-11-13T15:50:14","slug":"home","status":"publish","type":"page","link":"https:\/\/www.snowsports3zinnen.com\/it\/","title":{"rendered":"Home"},"content":{"rendered":"[vc_row fullwidth=&#8221;true&#8221;][vc_column]\n\t\t\t<!-- START Startseite IT 2025 REVOLUTION SLIDER 6.2.21 --><p class=\"rs-p-wp-fix\"><\/p>\n\t\t\t<rs-module-wrap id=\"rev_slider_3_1_wrapper\" data-source=\"gallery\" style=\"background:transparent;padding:0;margin:0px auto;margin-top:0;margin-bottom:0;\">\n\t\t\t\t<rs-module id=\"rev_slider_3_1\" style=\"\" data-version=\"6.2.21\">\n\t\t\t\t\t<rs-slides>\n\t\t\t\t\t\t<rs-slide data-key=\"rs-6\" data-title=\"Slide\" data-thumb=\"\/\/www.snowsports3zinnen.com\/wp-content\/uploads\/snowsports-3zinnen-slider1-100x50.jpg\" data-anim=\"ei:d;eo:d;s:600;r:0;t:fade;sl:d;\">\n\t\t\t\t\t\t\t<img src=\"\/\/www.snowsports3zinnen.com\/wp-content\/uploads\/snowsports-3zinnen-slider1.jpg\" title=\"snowsports-3zinnen-slider1\" width=\"1066\" height=\"648\" class=\"rev-slidebg\" data-no-retina>\n<!--\n\t\t\t\t\t\t\t--><rs-layer\n\t\t\t\t\t\t\t\tid=\"slider-3-slide-6-layer-4\" \n\t\t\t\t\t\t\t\tdata-type=\"text\"\n\t\t\t\t\t\t\t\tdata-color=\"#ff3a2d\"\n\t\t\t\t\t\t\t\tdata-rsp_ch=\"on\"\n\t\t\t\t\t\t\t\tdata-xy=\"x:c;y:c;yo:-208px;\"\n\t\t\t\t\t\t\t\tdata-text=\"w:normal;s:35;l:40;ls:2;fw:700;a:center;\"\n\t\t\t\t\t\t\t\tdata-frame_999=\"o:0;st:w;\"\n\t\t\t\t\t\t\t\tstyle=\"z-index:9;font-family:Montserrat;\"\n\t\t\t\t\t\t\t>PRENOTAZIONI ONLINE <br \/>\nSEMPRE APERTE \n\t\t\t\t\t\t\t<\/rs-layer><!--\n\n\t\t\t\t\t\t\t--><rs-layer\n\t\t\t\t\t\t\t\tid=\"slider-3-slide-6-layer-5\" \n\t\t\t\t\t\t\t\tdata-type=\"image\"\n\t\t\t\t\t\t\t\tdata-rsp_ch=\"on\"\n\t\t\t\t\t\t\t\tdata-xy=\"x:c;y:c;\"\n\t\t\t\t\t\t\t\tdata-text=\"l:22;a:inherit;\"\n\t\t\t\t\t\t\t\tdata-dim=\"w:285px;h:285px;\"\n\t\t\t\t\t\t\t\tdata-frame_0=\"y:top;o:1;\"\n\t\t\t\t\t\t\t\tdata-frame_1=\"sp:900;sR:10;\"\n\t\t\t\t\t\t\t\tdata-frame_999=\"st:w;sR:8090;\"\n\t\t\t\t\t\t\t\tstyle=\"z-index:7;\"\n\t\t\t\t\t\t\t><img src=\"\/\/www.snowsports3zinnen.com\/wp-content\/uploads\/snowsports_ufficiale.png\" width=\"800\" height=\"801\" data-no-retina> \n\t\t\t\t\t\t\t<\/rs-layer><!--\n-->\t\t\t\t\t\t<\/rs-slide>\n\t\t\t\t\t\t<rs-slide data-key=\"rs-9\" data-title=\"Slide\" data-thumb=\"\/\/www.snowsports3zinnen.com\/wp-content\/uploads\/snowsports-3zinnen-slider2-100x50.jpg\" data-anim=\"ei:d;eo:d;s:600;r:0;t:fade;sl:d;\">\n\t\t\t\t\t\t\t<img src=\"\/\/www.snowsports3zinnen.com\/wp-content\/uploads\/snowsports-3zinnen-slider2.jpg\" title=\"snowsports-3zinnen-slider2\" width=\"1066\" height=\"648\" class=\"rev-slidebg\" data-no-retina>\n<!--\n\t\t\t\t\t\t\t--><rs-layer\n\t\t\t\t\t\t\t\tid=\"slider-3-slide-9-layer-5\" \n\t\t\t\t\t\t\t\tdata-type=\"image\"\n\t\t\t\t\t\t\t\tdata-rsp_ch=\"on\"\n\t\t\t\t\t\t\t\tdata-xy=\"x:c;y:400px;\"\n\t\t\t\t\t\t\t\tdata-text=\"l:22;a:inherit;\"\n\t\t\t\t\t\t\t\tdata-dim=\"w:285px;h:285px;\"\n\t\t\t\t\t\t\t\tdata-frame_0=\"y:top;o:1;\"\n\t\t\t\t\t\t\t\tdata-frame_1=\"sp:900;sR:10;\"\n\t\t\t\t\t\t\t\tdata-frame_999=\"st:w;sR:8090;\"\n\t\t\t\t\t\t\t\tstyle=\"z-index:7;\"\n\t\t\t\t\t\t\t><img src=\"\/\/www.snowsports3zinnen.com\/wp-content\/uploads\/snowsports_ufficiale.png\" width=\"800\" height=\"801\" data-no-retina> \n\t\t\t\t\t\t\t<\/rs-layer><!--\n-->\t\t\t\t\t\t<\/rs-slide>\n\t\t\t\t\t\t<rs-slide data-key=\"rs-10\" data-title=\"Slide\" data-thumb=\"\/\/www.snowsports3zinnen.com\/wp-content\/uploads\/snowsports-3zinnen-slider3-100x50.jpg\" data-anim=\"ei:d;eo:d;s:600;r:0;t:fade;sl:d;\">\n\t\t\t\t\t\t\t<img src=\"\/\/www.snowsports3zinnen.com\/wp-content\/uploads\/snowsports-3zinnen-slider3.jpg\" title=\"snowsports-3zinnen-slider3\" width=\"1400\" height=\"851\" class=\"rev-slidebg\" data-no-retina>\n<!--\n\t\t\t\t\t\t\t--><rs-layer\n\t\t\t\t\t\t\t\tid=\"slider-3-slide-10-layer-5\" \n\t\t\t\t\t\t\t\tdata-type=\"image\"\n\t\t\t\t\t\t\t\tdata-rsp_ch=\"on\"\n\t\t\t\t\t\t\t\tdata-xy=\"x:c;y:400px;\"\n\t\t\t\t\t\t\t\tdata-text=\"l:22;a:inherit;\"\n\t\t\t\t\t\t\t\tdata-dim=\"w:285px;h:285px;\"\n\t\t\t\t\t\t\t\tdata-frame_0=\"y:top;o:1;\"\n\t\t\t\t\t\t\t\tdata-frame_1=\"sp:900;sR:10;\"\n\t\t\t\t\t\t\t\tdata-frame_999=\"st:w;sR:8090;\"\n\t\t\t\t\t\t\t\tstyle=\"z-index:7;\"\n\t\t\t\t\t\t\t><img src=\"\/\/www.snowsports3zinnen.com\/wp-content\/uploads\/snowsports_ufficiale.png\" width=\"800\" height=\"801\" data-no-retina> \n\t\t\t\t\t\t\t<\/rs-layer><!--\n-->\t\t\t\t\t\t<\/rs-slide>\n\t\t\t\t\t<\/rs-slides>\n\t\t\t\t<\/rs-module>\n\t\t\t\t<script type=\"text\/javascript\">\n\t\t\t\t\tsetREVStartSize({c: 'rev_slider_3_1',rl:[1240,1024,778,480],el:[800],gw:[1100],gh:[800],type:'standard',justify:'',layout:'fullwidth',mh:\"0\"});\n\t\t\t\t\tvar\trevapi3,\n\t\t\t\t\t\ttpj;\n\t\t\t\t\tfunction revinit_revslider31() {\n\t\t\t\t\tjQuery(function() {\n\t\t\t\t\t\ttpj = jQuery;\n\t\t\t\t\t\trevapi3 = tpj(\"#rev_slider_3_1\");\n\t\t\t\t\t\tif(revapi3==undefined || revapi3.revolution == undefined){\n\t\t\t\t\t\t\trevslider_showDoubleJqueryError(\"rev_slider_3_1\");\n\t\t\t\t\t\t}else{\n\t\t\t\t\t\t\trevapi3.revolution({\n\t\t\t\t\t\t\t\tsliderLayout:\"fullwidth\",\n\t\t\t\t\t\t\t\tduration:3500,\n\t\t\t\t\t\t\t\tvisibilityLevels:\"1240,1024,778,480\",\n\t\t\t\t\t\t\t\tgridwidth:1100,\n\t\t\t\t\t\t\t\tgridheight:800,\n\t\t\t\t\t\t\t\tspinner:\"spinner2\",\n\t\t\t\t\t\t\t\tperspective:600,\n\t\t\t\t\t\t\t\tperspectiveType:\"local\",\n\t\t\t\t\t\t\t\teditorheight:\"800,768,960,349\",\n\t\t\t\t\t\t\t\tresponsiveLevels:\"1240,1024,778,480\",\n\t\t\t\t\t\t\t\tprogressBar:{disableProgressBar:true},\n\t\t\t\t\t\t\t\tnavigation: {\n\t\t\t\t\t\t\t\t\tmouseScrollNavigation:false,\n\t\t\t\t\t\t\t\t\tonHoverStop:false,\n\t\t\t\t\t\t\t\t\tarrows: {\n\t\t\t\t\t\t\t\t\t\tenable:true,\n\t\t\t\t\t\t\t\t\t\ttmp:\"<div class=\\\"tp-title-wrap\\\">  \t<div class=\\\"tp-arr-imgholder\\\"><\/div>    <div class=\\\"tp-arr-img-over\\\"><\/div>\t<span class=\\\"tp-arr-titleholder\\\">{{title}}<\/span> <\/div>\",\n\t\t\t\t\t\t\t\t\t\tstyle:\"erinyen\",\n\t\t\t\t\t\t\t\t\t\thide_onleave:true,\n\t\t\t\t\t\t\t\t\t\tleft: {\n\n\t\t\t\t\t\t\t\t\t\t},\n\t\t\t\t\t\t\t\t\t\tright: {\n\n\t\t\t\t\t\t\t\t\t\t}\n\t\t\t\t\t\t\t\t\t}\n\t\t\t\t\t\t\t\t},\n\t\t\t\t\t\t\t\tfallbacks: {\n\t\t\t\t\t\t\t\t\tallowHTML5AutoPlayOnAndroid:true\n\t\t\t\t\t\t\t\t},\n\t\t\t\t\t\t\t});\n\t\t\t\t\t\t}\n\t\t\t\t\t\t\n\t\t\t\t\t});\n\t\t\t\t\t} \/\/ End of RevInitScript\n\t\t\t\tif (document.readyState === \"loading\") window.addEventListener('DOMContentLoaded',function() { revinit_revslider31();}); else revinit_revslider31();\n\t\t\t\t<\/script>\n\t\t\t\t<script>\n\t\t\t\t\tvar htmlDivCss = ' #rev_slider_3_1_wrapper rs-loader.spinner2{ background-color: #FFFFFF !important; } ';\n\t\t\t\t\tvar htmlDiv = document.getElementById('rs-plugin-settings-inline-css');\n\t\t\t\t\tif(htmlDiv) {\n\t\t\t\t\t\thtmlDiv.innerHTML = htmlDiv.innerHTML + htmlDivCss;\n\t\t\t\t\t}else{\n\t\t\t\t\t\tvar htmlDiv = document.createElement('div');\n\t\t\t\t\t\thtmlDiv.innerHTML = '<style>' + htmlDivCss + '<\/style>';\n\t\t\t\t\t\tdocument.getElementsByTagName('head')[0].appendChild(htmlDiv.childNodes[0]);\n\t\t\t\t\t}\n\t\t\t\t<\/script>\n\t\t\t\t<script>\n\t\t\t\t\tvar htmlDivCss = unescape(\"%23rev_slider_3_1_wrapper%20.erinyen.tparrows%20%7B%0A%20%20cursor%3Apointer%3B%0A%20%20background%3Argba%280%2C0%2C0%2C0.5%29%3B%0A%20%20min-width%3A70px%3B%0A%20%20min-height%3A70px%3B%0A%20%20position%3Aabsolute%3B%0A%20%20display%3Ablock%3B%0A%20%20z-index%3A1000%3B%0A%20%20border-radius%3A50%25%3B%20%20%20%0A%7D%0A%0A%23rev_slider_3_1_wrapper%20.erinyen.tparrows%3Abefore%20%7B%0A%20%20font-family%3A%20%27revicons%27%3B%0A%20%20font-size%3A20px%3B%0A%20%20color%3A%23ffffff%3B%0A%20%20display%3Ablock%3B%0A%20%20line-height%3A70px%3B%0A%20%20text-align%3A%20center%3B%20%20%20%20%0A%20%20z-index%3A2%3B%0A%20%20position%3Arelative%3B%0A%7D%0A%23rev_slider_3_1_wrapper%20.erinyen.tparrows.tp-leftarrow%3Abefore%20%7B%0A%20%20content%3A%20%27%5Ce824%27%3B%0A%7D%0A%23rev_slider_3_1_wrapper%20.erinyen.tparrows.tp-rightarrow%3Abefore%20%7B%0A%20%20content%3A%20%27%5Ce825%27%3B%0A%7D%0A%0A%23rev_slider_3_1_wrapper%20.erinyen%20.tp-title-wrap%20%7B%20%0A%20%20position%3Aabsolute%3B%0A%20%20z-index%3A1%3B%0A%20%20display%3Ainline-block%3B%0A%20%20background%3Argba%280%2C0%2C0%2C0.5%29%3B%0A%20%20min-height%3A70px%3B%0A%20%20line-height%3A70px%3B%0A%20%20top%3A0px%3B%0A%20%20margin-left%3A0px%3B%0A%20%20border-radius%3A35px%3B%0A%20%20overflow%3Ahidden%3B%20%0A%20%20transition%3A%20opacity%200.3s%3B%0A%20%20-webkit-transition%3Aopacity%200.3s%3B%0A%20%20-moz-transition%3Aopacity%200.3s%3B%0A%20%20-webkit-transform%3A%20scale%280%29%3B%0A%20%20-moz-transform%3A%20scale%280%29%3B%0A%20%20transform%3A%20scale%280%29%3B%20%20%0A%20%20visibility%3Ahidden%3B%0A%20%20opacity%3A0%3B%0A%7D%0A%0A%23rev_slider_3_1_wrapper%20.erinyen.tparrows%3Ahover%20.tp-title-wrap%7B%0A%20%20-webkit-transform%3A%20scale%281%29%3B%0A%20%20-moz-transform%3A%20scale%281%29%3B%0A%20%20transform%3A%20scale%281%29%3B%0A%20%20opacity%3A1%3B%0A%20%20visibility%3Avisible%3B%0A%7D%0A%20%20%20%20%20%20%20%20%0A%20%23rev_slider_3_1_wrapper%20.erinyen.tp-rightarrow%20.tp-title-wrap%20%7B%20%0A%20%20%20right%3A0px%3B%0A%20%20%20margin-right%3A0px%3Bmargin-left%3A0px%3B%0A%20%20%20-webkit-transform-origin%3A100%25%2050%25%3B%0A%20%20border-radius%3A35px%3B%0A%20%20padding-right%3A20px%3B%0A%20%20padding-left%3A10px%3B%0A%20%7D%0A%0A%0A%23rev_slider_3_1_wrapper%20.erinyen.tp-leftarrow%20.tp-title-wrap%20%7B%20%0A%20%20%20padding-left%3A20px%3B%0A%20%20padding-right%3A10px%3B%0A%7D%0A%0A%23rev_slider_3_1_wrapper%20.erinyen%20.tp-arr-titleholder%20%7B%0A%20%20letter-spacing%3A%203px%3B%0A%20%20%20position%3Arelative%3B%0A%20%20-webkit-transition%3A%20-webkit-transform%200.3s%3B%0A%20%20transition%3A%20transform%200.3s%3B%0A%20%20transform%3Atranslatex%28200px%29%3B%20%20%0A%20%20text-transform%3Auppercase%3B%0A%20%20color%3A%23ffffff%3B%0A%20%20font-weight%3A600%3B%0A%20%20font-size%3A13px%3B%0A%20%20line-height%3A70px%3B%0A%20%20white-space%3Anowrap%3B%0A%20%20padding%3A0px%2020px%3B%0A%20%20margin-left%3A11px%3B%0A%20%20opacity%3A0%3B%20%20%0A%7D%0A%0A%23rev_slider_3_1_wrapper%20.erinyen%20.tp-arr-imgholder%20%7B%0A%20%20width%3A100%25%3B%0A%20%20height%3A100%25%3B%0A%20%20position%3Aabsolute%3B%0A%20%20top%3A0px%3B%0A%20%20left%3A0px%3B%0A%20%20background-position%3Acenter%20center%3B%0A%20%20background-size%3Acover%3B%0A%20%20%20%20%7D%0A%20%23rev_slider_3_1_wrapper%20.erinyen%20.tp-arr-img-over%20%7B%0A%20%20%20width%3A100%25%3B%0A%20%20height%3A100%25%3B%0A%20%20position%3Aabsolute%3B%0A%20%20top%3A0px%3B%0A%20%20left%3A0px%3B%0A%20%20%20background%3Argba%280%2C0%2C0%2C0.51%29%3B%0A%20%7D%0A%23rev_slider_3_1_wrapper%20.erinyen.tp-rightarrow%20.tp-arr-titleholder%20%7B%0A%20%20%20transform%3Atranslatex%28-200px%29%3B%20%0A%20%20%20margin-left%3A0px%3B%20margin-right%3A11px%3B%0A%20%20%20%20%20%20%7D%0A%0A%23rev_slider_3_1_wrapper%20.erinyen.tparrows%3Ahover%20.tp-arr-titleholder%20%7B%0A%20%20%20transform%3Atranslatex%280px%29%3B%0A%20%20%20-webkit-transform%3Atranslatex%280px%29%3B%0A%20%20transition-delay%3A%200.1s%3B%0A%20%20opacity%3A1%3B%0A%7D%0A\");\n\t\t\t\t\tvar htmlDiv = document.getElementById('rs-plugin-settings-inline-css');\n\t\t\t\t\tif(htmlDiv) {\n\t\t\t\t\t\thtmlDiv.innerHTML = htmlDiv.innerHTML + htmlDivCss;\n\t\t\t\t\t}else{\n\t\t\t\t\t\tvar htmlDiv = document.createElement('div');\n\t\t\t\t\t\thtmlDiv.innerHTML = '<style>' + htmlDivCss + '<\/style>';\n\t\t\t\t\t\tdocument.getElementsByTagName('head')[0].appendChild(htmlDiv.childNodes[0]);\n\t\t\t\t\t}\n\t\t\t\t<\/script>\n\t\t\t\t<script>\n\t\t\t\t\tvar htmlDivCss = unescape(\"%0A%0A%0A\");\n\t\t\t\t\tvar htmlDiv = document.getElementById('rs-plugin-settings-inline-css');\n\t\t\t\t\tif(htmlDiv) {\n\t\t\t\t\t\thtmlDiv.innerHTML = htmlDiv.innerHTML + htmlDivCss;\n\t\t\t\t\t}else{\n\t\t\t\t\t\tvar htmlDiv = document.createElement('div');\n\t\t\t\t\t\thtmlDiv.innerHTML = '<style>' + htmlDivCss + '<\/style>';\n\t\t\t\t\t\tdocument.getElementsByTagName('head')[0].appendChild(htmlDiv.childNodes[0]);\n\t\t\t\t\t}\n\t\t\t\t<\/script>\n\t\t\t<\/rs-module-wrap>\n\t\t\t<!-- END REVOLUTION SLIDER -->\n[\/vc_column][\/vc_row][vc_row fullwidth=&#8221;true&#8221;][vc_column][mk_padding_divider size=&#8221;70&#8243;][\/vc_column][\/vc_row][vc_row][vc_column][mk_fancy_title size=&#8221;40&#8243; force_font_size=&#8221;true&#8221; size_tablet=&#8221;36&#8243; size_phone=&#8221;28&#8243; margin_bottom=&#8221;0&#8243; font_family=&#8221;none&#8221; align=&#8221;center&#8221;]Snowsports 3 Zinnen &#8211; Scuola sci a Dobbiaco[\/mk_fancy_title][mk_fancy_title size=&#8221;30&#8243; force_font_size=&#8221;true&#8221; size_tablet=&#8221;30&#8243; size_phone=&#8221;25&#8243; margin_bottom=&#8221;0&#8243; font_family=&#8221;none&#8221; align=&#8221;center&#8221;]Scuola di sci alpino, sci di fondo e snowboard[\/mk_fancy_title][mk_fancy_title tag_name=&#8221;h3&#8243; color=&#8221;#e7540e&#8221; size=&#8221;30&#8243; force_font_size=&#8221;true&#8221; size_tablet=&#8221;30&#8243; size_phone=&#8221;25&#8243; margin_bottom=&#8221;40&#8243; font_family=&#8221;none&#8221; align=&#8221;center&#8221;]Le prenotazioni ONLINE dal nostro sito sono SEMPRE APERTE![\/mk_fancy_title][\/vc_column][\/vc_row][vc_row][vc_column width=&#8221;1\/2&#8243;][vc_column_text css=&#8221;.vc_custom_1763048100240{margin-bottom: 0px !important;}&#8221;]I fondamenti della tecnica per i principianti e il perfezionamento per chi di sci e sci di fono gi\u00e0 se ne intende \u00e8 il nostro compito principale. Non ci sono confini al voler apprendere delle nuove tecniche legate ai pi\u00f9 moderni materiali che influenzano costantemente la padronanza dello sport ed \u00e8 proprio questo aspetto che da noi viene trasmesso e insegnato con passione sia in pista che fuori pista.<\/p>\n<p><strong>Offriamo:<\/strong> Lezioni private &amp; corsi di gruppo, Sci alpino, Sci da Fondo, Snowboard &amp; Freeride, Accompagnamento sciistico in vari comprensori del Dolomiti Superski (Sella Ronda, Cortina, Plan de Corones, Giro della grande guerra, Giro delle Cime), Lezioni di telemark (su richiesta), Escursioni con ciaspole da neve (su richiesta), Corso di sci per persone con esigenze speciali[\/vc_column_text][mk_padding_divider size=&#8221;30&#8243; visibility=&#8221;hidden-sm&#8221;][\/vc_column][vc_column width=&#8221;1\/2&#8243; css=&#8221;.vc_custom_1763048140087{padding-top: 20px !important;padding-right: 20px !important;padding-bottom: 20px !important;padding-left: 20px !important;background-color: #e2e2e2 !important;border-radius: 5px !important;}&#8221;][vc_column_text css=&#8221;.vc_custom_1763048842835{margin-bottom: 0px !important;}&#8221;]<strong>Apertura impianti:<\/strong><\/p>\n<p><strong>RIENZA<\/strong><br \/>\n20\/12\/25 &#8211; 15\/3\/26<br \/>\n9:00-16:00<\/p>\n<p><strong>3 ZINNEN RACING ARENA<\/strong><br \/>\n29\/11\/25 &#8211; 15\/03\/26<br \/>\n8:00-16:00<\/p>\n<p><strong>SCUOLA SCI RIENZA<\/strong><br \/>\n20\/12\/25 &#8211; 15\/3\/26<br \/>\n8:45-16:00<br \/>\nWHATSAPP <a href=\"tel:+393791202087\">3792976046<\/a><\/p>\n<p><strong>SCUOLA SCI NORDIC ARENA<\/strong><br \/>\n29\/11\/25 &#8211; 15\/3\/26<br \/>\n8:30-16:00<br \/>\nWHATSAPP <a href=\"tel:+393791202087\">3791202087<\/a>[\/vc_column_text][\/vc_column][\/vc_row][vc_row][vc_column][mk_padding_divider size=&#8221;60&#8243;][\/vc_column][\/vc_row][vc_row][vc_column width=&#8221;1\/2&#8243;][mk_image src=&#8221;https:\/\/www.snowsports3zinnen.com\/wp-content\/uploads\/snowsports-prevendita.jpg&#8221; image_size=&#8221;medium&#8221; lightbox=&#8221;true&#8221; align=&#8221;center&#8221; margin_bottom=&#8221;30&#8243;][mk_fancy_title size=&#8221;30&#8243; force_font_size=&#8221;true&#8221; size_tablet=&#8221;30&#8243; size_phone=&#8221;25&#8243; txt_transform=&#8221;uppercase&#8221; margin_bottom=&#8221;0&#8243; font_family=&#8221;none&#8221; align=&#8221;center&#8221;]Prenota prima e risparmia -15%[\/mk_fancy_title][vc_column_text align=&#8221;center&#8221; css=&#8221;.vc_custom_1755160488945{margin-bottom: 0px !important;}&#8221;]<strong>Prenota il tuo corso collettivo e risparmia il 15%<\/strong><\/p>\n<p><strong>01\/08\/25 &#8211; 15\/11\/25<\/strong><br \/>\nCodice: SNOWSPORT25PROMO<\/p>\n<p><strong>01\/01\/26-31\/01\/26<\/strong><br \/>\nCodice: SNOWSPORT26PROMO[\/vc_column_text][mk_button dimension=&#8221;flat&#8221; corner_style=&#8221;rounded&#8221; size=&#8221;large&#8221; icon=&#8221;mk-icon-arrow-right&#8221; url=&#8221;https:\/\/snowsports3zinnen.beebeeboard.com\/scuolesci_ecommerce#\/?lang=it-IT&#8221; target=&#8221;_blank&#8221; align=&#8221;center&#8221; margin_bottom=&#8221;0&#8243; margin_right=&#8221;0&#8243; bg_color=&#8221;#e7540e&#8221; btn_hover_bg=&#8221;#1e73be&#8221;]Prenota adesso[\/mk_button][mk_padding_divider visibility=&#8221;visible-sm&#8221;][\/vc_column][vc_column width=&#8221;1\/2&#8243;][mk_image src=&#8221;https:\/\/www.snowsports3zinnen.com\/wp-content\/uploads\/snowsports3-zinnen-skischule-toblach-scuola-sci-dobbiaco-persone-esigenze-speciali-neu.jpg&#8221; image_size=&#8221;medium&#8221; align=&#8221;center&#8221; margin_bottom=&#8221;30&#8243;][mk_fancy_title size=&#8221;30&#8243; force_font_size=&#8221;true&#8221; size_tablet=&#8221;30&#8243; size_phone=&#8221;25&#8243; txt_transform=&#8221;uppercase&#8221; margin_bottom=&#8221;0&#8243; font_family=&#8221;none&#8221; align=&#8221;center&#8221;]Persone con esigenze speciali[\/mk_fancy_title][vc_column_text align=&#8221;center&#8221; css=&#8221;.vc_custom_1755787478972{margin-bottom: 0px !important;}&#8221;]Diamo, in tutta sicurezza, la possibilit\u00e1 di provare l\u2019ebrezza di sciare anche ai disabili sensoriali e motori.[\/vc_column_text][mk_button dimension=&#8221;flat&#8221; corner_style=&#8221;rounded&#8221; size=&#8221;large&#8221; icon=&#8221;mk-icon-arrow-right&#8221; url=&#8221;https:\/\/www.snowsports3zinnen.com\/it\/scuola-sci-dobbiaco-snowsports-3-zinnen\/&#8221; align=&#8221;center&#8221; margin_bottom=&#8221;0&#8243; margin_right=&#8221;0&#8243; bg_color=&#8221;#e7540e&#8221; btn_hover_bg=&#8221;#1e73be&#8221;]Informati[\/mk_button][\/vc_column][\/vc_row][vc_row][vc_column][mk_padding_divider size=&#8221;60&#8243;][\/vc_column][\/vc_row][mk_page_section bg_image=&#8221;https:\/\/www.snowsports3zinnen.com\/wp-content\/uploads\/snowsports-3zinnen-home.jpg&#8221; bg_position=&#8221;center top&#8221; bg_stretch=&#8221;true&#8221; enable_3d=&#8221;true&#8221; adaptive_height=&#8221;true&#8221; max_height=&#8221;550&#8243; min_height=&#8221;350&#8243; full_width=&#8221;true&#8221; js_vertical_centered=&#8221;true&#8221; padding_top=&#8221;80&#8243; padding_bottom=&#8221;80&#8243; sidebar=&#8221;sidebar-1&#8243;][vc_column][mk_fancy_title tag_name=&#8221;h3&#8243; color=&#8221;#ffffff&#8221; size=&#8221;40&#8243; margin_top=&#8221;50&#8243; font_family=&#8221;none&#8221; align=&#8221;center&#8221; drop_shadow=&#8221;true&#8221; shadow_color=&#8221;#000000&#8243;]Informazioni[\/mk_fancy_title][mk_button dimension=&#8221;flat&#8221; corner_style=&#8221;rounded&#8221; size=&#8221;large&#8221; icon=&#8221;mk-moon-phone-2&#8243; url=&#8221;tel:+ 393792976046&#8243; target=&#8221;_blank&#8221; align=&#8221;center&#8221; margin_right=&#8221;0&#8243; bg_color=&#8221;#e7540e&#8221; btn_hover_bg=&#8221;#1e73be&#8221;]Tel.+ 39 379 2976046[\/mk_button][mk_button dimension=&#8221;flat&#8221; corner_style=&#8221;rounded&#8221; size=&#8221;large&#8221; icon=&#8221;mk-li-mail&#8221; url=&#8221;mailto:info@snowsports3zinnen.com&#8221; target=&#8221;_blank&#8221; align=&#8221;center&#8221; margin_right=&#8221;0&#8243; bg_color=&#8221;#e7540e&#8221; btn_hover_bg=&#8221;#1e73be&#8221;]info@snowsports3zinnen.com[\/mk_button][\/vc_column][\/mk_page_section][vc_row][vc_column][mk_padding_divider size=&#8221;100&#8243;][\/vc_column][\/vc_row][vc_row][vc_column width=&#8221;1\/3&#8243;][mk_custom_box corner_radius=&#8221;15&#8243; elevation_effect=&#8221;true&#8221;][mk_icon_box2 icon_size=&#8221;48&#8243; icon=&#8221;mk-icon-arrow-down&#8221; icon_color=&#8221;#e7540e&#8221; icon_hover_color=&#8221;#1e73be&#8221; title=&#8221;Lezioni private&#8221; title_size=&#8221;25&#8243; title_weight=&#8221;bold&#8221; title_color=&#8221;#006fb7&#8243; read_more_url=&#8221;\/it\/lezioni&#8221;][\/mk_icon_box2][\/mk_custom_box][mk_padding_divider size=&#8221;20&#8243; visibility=&#8221;visible-sm&#8221;][\/vc_column][vc_column width=&#8221;1\/3&#8243;][mk_custom_box corner_radius=&#8221;15&#8243; elevation_effect=&#8221;true&#8221;][mk_icon_box2 icon_size=&#8221;48&#8243; icon=&#8221;mk-icon-arrow-down&#8221; icon_color=&#8221;#e7540e&#8221; icon_hover_color=&#8221;#1e73be&#8221; title=&#8221;Corsi collettivi&#8221; title_size=&#8221;25&#8243; title_weight=&#8221;bold&#8221; title_color=&#8221;#006fb7&#8243; read_more_url=&#8221;\/it\/lezioni&#8221;][\/mk_icon_box2][\/mk_custom_box][mk_padding_divider size=&#8221;20&#8243; visibility=&#8221;visible-sm&#8221;][\/vc_column][vc_column width=&#8221;1\/3&#8243;][mk_custom_box corner_radius=&#8221;15&#8243; elevation_effect=&#8221;true&#8221;][mk_icon_box2 icon_size=&#8221;48&#8243; icon=&#8221;mk-icon-arrow-down&#8221; icon_color=&#8221;#e7540e&#8221; icon_hover_color=&#8221;#1e73be&#8221; title=&#8221;Freeride&#8221; title_size=&#8221;25&#8243; title_weight=&#8221;bold&#8221; title_color=&#8221;#006fb7&#8243; read_more_url=&#8221;\/it\/lezioni&#8221;][\/mk_icon_box2][\/mk_custom_box][\/vc_column][\/vc_row][vc_row][vc_column][mk_padding_divider size=&#8221;250&#8243;][\/vc_column][\/vc_row]\n","protected":false},"excerpt":{"rendered":"<p>[vc_row fullwidth=&#8221;true&#8221;][vc_column][\/vc_column][\/vc_row][vc_row fullwidth=&#8221;true&#8221;][vc_column][mk_padding_divider size=&#8221;70&#8243;][\/vc_column][\/vc_row][vc_row][vc_column][mk_fancy_title size=&#8221;40&#8243; force_font_size=&#8221;true&#8221; size_tablet=&#8221;36&#8243; size_phone=&#8221;28&#8243; margin_bottom=&#8221;0&#8243; font_family=&#8221;none&#8221; align=&#8221;center&#8221;]Snowsports 3 Zinnen &#8211; Scuola sci a Dobbiaco[\/mk_fancy_title][mk_fancy_title size=&#8221;30&#8243; force_font_size=&#8221;true&#8221; size_tablet=&#8221;30&#8243; size_phone=&#8221;25&#8243; margin_bottom=&#8221;0&#8243; font_family=&#8221;none&#8221; align=&#8221;center&#8221;]Scuola di sci alpino, sci di fondo e snowboard[\/mk_fancy_title][mk_fancy_title tag_name=&#8221;h3&#8243; color=&#8221;#e7540e&#8221; size=&#8221;30&#8243; force_font_size=&#8221;true&#8221; size_tablet=&#8221;30&#8243; size_phone=&#8221;25&#8243; margin_bottom=&#8221;40&#8243; font_family=&#8221;none&#8221; align=&#8221;center&#8221;]Le prenotazioni ONLINE dal nostro sito sono SEMPRE APERTE![\/mk_fancy_title][\/vc_column][\/vc_row][vc_row][vc_column width=&#8221;1\/2&#8243;][vc_column_text css=&#8221;.vc_custom_1763048100240{margin-bottom: 0px !important;}&#8221;]I fondamenti [&hellip;]<\/p>\n","protected":false},"author":1,"featured_media":0,"parent":0,"menu_order":0,"comment_status":"closed","ping_status":"closed","template":"","meta":[],"yoast_head":"<!-- This site is optimized with the Yoast SEO plugin v15.2.1 - https:\/\/yoast.com\/wordpress\/plugins\/seo\/ -->\n<title>Scuola Sci Dobbiaco Snowsports 3 Zinnen Dobbiaco<\/title>\n<meta name=\"description\" content=\"Skiing the easy way. La Scuola Sci Snowports 3 Zinnen di Dobbiaco offre lezioni e corsi da sci e Kids Club a Dobbiaco. Imparate a sciare &quot;the easy way&quot;.\" \/>\n<meta name=\"robots\" content=\"index, follow, max-snippet:-1, max-image-preview:large, max-video-preview:-1\" \/>\n<link rel=\"canonical\" href=\"https:\/\/www.snowsports3zinnen.com\/it\/\" \/>\n<meta property=\"og:locale\" content=\"it_IT\" \/>\n<meta property=\"og:type\" content=\"article\" \/>\n<meta property=\"og:title\" content=\"Scuola Sci Dobbiaco Snowsports 3 Zinnen Dobbiaco\" \/>\n<meta property=\"og:description\" content=\"Skiing the easy way. La Scuola Sci Snowports 3 Zinnen di Dobbiaco offre lezioni e corsi da sci e Kids Club a Dobbiaco. Imparate a sciare &quot;the easy way&quot;.\" \/>\n<meta property=\"og:url\" content=\"https:\/\/www.snowsports3zinnen.com\/it\/\" \/>\n<meta property=\"og:site_name\" content=\"Snowsports 3 Zinnen\" \/>\n<meta property=\"article:modified_time\" content=\"2025-11-13T15:50:14+00:00\" \/>\n<meta name=\"twitter:card\" content=\"summary_large_image\" \/>\n<meta name=\"twitter:label1\" content=\"Scritto da\">\n\t<meta name=\"twitter:data1\" content=\"fuchsdesign\">\n\t<meta name=\"twitter:label2\" content=\"Tempo di lettura stimato\">\n\t<meta name=\"twitter:data2\" content=\"4 minuti\">\n<script type=\"application\/ld+json\" class=\"yoast-schema-graph\">{\"@context\":\"https:\/\/schema.org\",\"@graph\":[{\"@type\":\"WebSite\",\"@id\":\"https:\/\/www.snowsports3zinnen.com\/#website\",\"url\":\"https:\/\/www.snowsports3zinnen.com\/\",\"name\":\"Snowsports 3 Zinnen\",\"description\":\"Scuola Sci Noleggio Sci Dobbiaco\",\"potentialAction\":[{\"@type\":\"SearchAction\",\"target\":\"https:\/\/www.snowsports3zinnen.com\/?s={search_term_string}\",\"query-input\":\"required name=search_term_string\"}],\"inLanguage\":\"it-IT\"},{\"@type\":\"WebPage\",\"@id\":\"https:\/\/www.snowsports3zinnen.com\/it\/#webpage\",\"url\":\"https:\/\/www.snowsports3zinnen.com\/it\/\",\"name\":\"Scuola Sci Dobbiaco Snowsports 3 Zinnen Dobbiaco\",\"isPartOf\":{\"@id\":\"https:\/\/www.snowsports3zinnen.com\/#website\"},\"datePublished\":\"2017-12-05T08:55:45+00:00\",\"dateModified\":\"2025-11-13T15:50:14+00:00\",\"description\":\"Skiing the easy way. La Scuola Sci Snowports 3 Zinnen di Dobbiaco offre lezioni e corsi da sci e Kids Club a Dobbiaco. Imparate a sciare \\\"the easy way\\\".\",\"breadcrumb\":{\"@id\":\"https:\/\/www.snowsports3zinnen.com\/it\/#breadcrumb\"},\"inLanguage\":\"it-IT\",\"potentialAction\":[{\"@type\":\"ReadAction\",\"target\":[\"https:\/\/www.snowsports3zinnen.com\/it\/\"]}]},{\"@type\":\"BreadcrumbList\",\"@id\":\"https:\/\/www.snowsports3zinnen.com\/it\/#breadcrumb\",\"itemListElement\":[{\"@type\":\"ListItem\",\"position\":1,\"item\":{\"@type\":\"WebPage\",\"@id\":\"https:\/\/www.snowsports3zinnen.com\/it\/\",\"url\":\"https:\/\/www.snowsports3zinnen.com\/it\/\",\"name\":\"Startseite\"}},{\"@type\":\"ListItem\",\"position\":2,\"item\":{\"@type\":\"WebPage\",\"@id\":\"https:\/\/www.snowsports3zinnen.com\/it\/\",\"url\":\"https:\/\/www.snowsports3zinnen.com\/it\/\",\"name\":\"Home\"}}]}]}<\/script>\n<!-- \/ Yoast SEO plugin. -->","_links":{"self":[{"href":"https:\/\/www.snowsports3zinnen.com\/it\/wp-json\/wp\/v2\/pages\/407\/"}],"collection":[{"href":"https:\/\/www.snowsports3zinnen.com\/it\/wp-json\/wp\/v2\/pages\/"}],"about":[{"href":"https:\/\/www.snowsports3zinnen.com\/it\/wp-json\/wp\/v2\/types\/page\/"}],"author":[{"embeddable":true,"href":"https:\/\/www.snowsports3zinnen.com\/it\/wp-json\/wp\/v2\/users\/1\/"}],"replies":[{"embeddable":true,"href":"https:\/\/www.snowsports3zinnen.com\/it\/wp-json\/wp\/v2\/comments\/?post=407"}],"version-history":[{"count":35,"href":"https:\/\/www.snowsports3zinnen.com\/it\/wp-json\/wp\/v2\/pages\/407\/revisions\/"}],"predecessor-version":[{"id":1298,"href":"https:\/\/www.snowsports3zinnen.com\/it\/wp-json\/wp\/v2\/pages\/407\/revisions\/1298\/"}],"wp:attachment":[{"href":"https:\/\/www.snowsports3zinnen.com\/it\/wp-json\/wp\/v2\/media\/?parent=407"}],"curies":[{"name":"wp","href":"https:\/\/api.w.org\/{rel}","templated":true}]}}